{"id":482,"date":"2020-05-04T08:33:03","date_gmt":"2020-05-04T08:33:03","guid":{"rendered":"https:\/\/winkelmannconsult.de\/?page_id=482"},"modified":"2025-11-24T08:01:31","modified_gmt":"2025-11-24T08:01:31","slug":"referenzen-auftraggeber","status":"publish","type":"page","link":"https:\/\/winkelmannconsult.de\/en\/referenzen-auftraggeber\/","title":{"rendered":"REFERENCES CUSTOMERS"},"content":{"rendered":"<p><strong>Below you will find an alphabetical list of the banks with which we work:<\/strong><\/p>\n<ul style=\"list-style-type: disc;\">\n<li>Atradius Kreditversicherung<\/li>\n<li>BayernLB<\/li>\n<li>Bayerischer Versicherungsverband Versicherungs-AG<\/li>\n<li>Banca Comerciala Romana<\/li>\n<li>Barclays<\/li>\n<li>Berliner Bank AG<\/li>\n<li>Berlin-Hannoversche Hypothekenbank AG<\/li>\n<li>BHF Bank AG<\/li>\n<li>Bremer Landesbank Kreditanstalt Oldenburg, Girozentrale<\/li>\n<li>Bremische Volksbank eG<\/li>\n<li>Commerzbank AG<\/li>\n<li>Cr\u00e9dit Agricole<\/li>\n<li>DekaBank Deutsche Girozentrale<\/li>\n<li>Deutsche Bank AG<\/li>\n<li>Deutsche Genossenschafts-Hypothekenbank AG<\/li>\n<li>DNB<\/li>\n<li>Dresdner Bank AG (now Commerzbank AG)<\/li>\n<li>DZ BANK AG<\/li>\n<li>Erste Group Bank AG<\/li>\n<li>Fortis BANK SA\/NV<\/li>\n<li>Frankfurter Sparkasse<\/li>\n<li>Hamburger Sparkasse<\/li>\n<li>HGAA Hypo Alpe Adria\/Heta Asset Resolution<\/li>\n<li>HSH Nordbank AG \/ Hamburg Commercial Bank AG<\/li>\n<li>IKB Deutsche Industriebank AG<\/li>\n<li>ING Bank NV\/ING Bank Deutschland AG<\/li>\n<li>J. P. Morgan<\/li>\n<li>KBC Bank NV<\/li>\n<li>Kreissparkasse K\u00f6ln<\/li>\n<li>Landesbank Berlin (LBB)<\/li>\n<li>M.M. Warburg &amp; CO KGaA<\/li>\n<li>Nord\/LB<\/li>\n<li>Nord-Ostsee Sparkasse<\/li>\n<li>Oberbank AG<\/li>\n<li>OLB Oldenburgische Landesbank<\/li>\n<li>Rabobank Nederland<\/li>\n<li>Raiffeisen Bank International AG (RBI)<\/li>\n<li>Raiffeisenlandesbank Ober\u00f6sterreich AG<\/li>\n<li>Royal Bank of Canada (RBC)<\/li>\n<li>Royal Bank of Scotland (RBS) \/ NatWest Markets<\/li>\n<li>SEB Bank AG<\/li>\n<li>Soci\u00e9t\u00e9 G\u00e9n\u00e9rale<\/li>\n<li>Sparkasse Aachen<\/li>\n<li>Sparkasse Bayreuth<\/li>\n<li>Sparkasse Bremen<\/li>\n<li>Sparkasse Emsland<\/li>\n<li>Sparkasse Hochrhein<\/li>\n<li>Sparkasse Kiel<\/li>\n<li>Sparkasse K\u00f6lnBonn<\/li>\n<li>Sparkasse Osnabr\u00fcck<\/li>\n<li>Sparkasse S\u00fcdholstein<\/li>\n<li>Swiss Re<\/li>\n<li>UBS AG<\/li>\n<li>UniCredit Bank AG\/UniCredit Bank Austria AG<\/li>\n<li>VHV Versicherungen<\/li>\n<li>Volksbank Me\u00dfkirch e.G.<\/li>\n<li>VR Bank Rhein-Erft e.G.<\/li>\n<li>WestLB\/Portigon AG<\/li>\n<li>Westpac Banking Corporation (Australien)<\/li>\n<li>Z\u00fcrich Versicherung AG\/Zurich Insurance plc<\/li>\n<\/ul>\n<p><\/p>","protected":false},"excerpt":{"rendered":"<p>Below you will find an alphabetical list of the banks with which we work: Atradius Kreditversicherung BayernLB Bayerischer Versicherungsverband Versicherungs-AG Banca Comerciala Romana Barclays Berliner Bank AG Berlin-Hannoversche Hypothekenbank AG BHF Bank AG Bremer Landesbank Kreditanstalt Oldenburg, Girozentrale Bremische Volksbank eG Commerzbank AG Cr\u00e9dit Agricole DekaBank Deutsche Girozentrale Deutsche Bank\u2026<\/p>\n<p> <a class=\"continue-reading-link\" href=\"https:\/\/winkelmannconsult.de\/en\/referenzen-auftraggeber\/\"><span>Continue reading<\/span><i class=\"crycon-right-dir\"><\/i><\/a> <\/p>\n","protected":false},"author":1,"featured_media":0,"parent":0,"menu_order":0,"comment_status":"closed","ping_status":"closed","template":"","meta":{"footnotes":""},"class_list":["post-482","page","type-page","status-publish","hentry"],"yoast_head":"<!-- This site is optimized with the Yoast SEO plugin v25.7 - https:\/\/yoast.com\/wordpress\/plugins\/seo\/ -->\n<title>REFERENCES CUSTOMERS - Winkelmann Consult<\/title>\n<meta name=\"robots\" content=\"index, follow, max-snippet:-1, max-image-preview:large, max-video-preview:-1\" \/>\n<link rel=\"canonical\" href=\"https:\/\/winkelmannconsult.de\/en\/referenzen-auftraggeber\/\" \/>\n<meta property=\"og:locale\" content=\"en_US\" \/>\n<meta property=\"og:type\" content=\"article\" \/>\n<meta property=\"og:title\" content=\"REFERENCES CUSTOMERS - Winkelmann Consult\" \/>\n<meta property=\"og:description\" content=\"Below you will find an alphabetical list of the banks with which we work: Atradius Kreditversicherung BayernLB Bayerischer Versicherungsverband Versicherungs-AG Banca Comerciala Romana Barclays Berliner Bank AG Berlin-Hannoversche Hypothekenbank AG BHF Bank AG Bremer Landesbank Kreditanstalt Oldenburg, Girozentrale Bremische Volksbank eG Commerzbank AG Cr\u00e9dit Agricole DekaBank Deutsche Girozentrale Deutsche Bank\u2026 Continue reading\" \/>\n<meta property=\"og:url\" content=\"https:\/\/winkelmannconsult.de\/en\/referenzen-auftraggeber\/\" \/>\n<meta property=\"og:site_name\" content=\"Winkelmann Consult\" \/>\n<meta property=\"article:modified_time\" content=\"2025-11-24T08:01:31+00:00\" \/>\n<meta name=\"twitter:label1\" content=\"Est. reading time\" \/>\n\t<meta name=\"twitter:data1\" content=\"2 minutes\" \/>\n<script type=\"application\/ld+json\" class=\"yoast-schema-graph\">{\"@context\":\"https:\/\/schema.org\",\"@graph\":[{\"@type\":\"WebPage\",\"@id\":\"https:\/\/winkelmannconsult.de\/en\/referenzen-auftraggeber\/\",\"url\":\"https:\/\/winkelmannconsult.de\/en\/referenzen-auftraggeber\/\",\"name\":\"REFERENCES CUSTOMERS - Winkelmann Consult\",\"isPartOf\":{\"@id\":\"https:\/\/winkelmannconsult.de\/en\/#website\"},\"datePublished\":\"2020-05-04T08:33:03+00:00\",\"dateModified\":\"2025-11-24T08:01:31+00:00\",\"breadcrumb\":{\"@id\":\"https:\/\/winkelmannconsult.de\/en\/referenzen-auftraggeber\/#breadcrumb\"},\"inLanguage\":\"en-US\",\"potentialAction\":[{\"@type\":\"ReadAction\",\"target\":[[\"https:\/\/winkelmannconsult.de\/en\/referenzen-auftraggeber\/\"]]}]},{\"@type\":\"BreadcrumbList\",\"@id\":\"https:\/\/winkelmannconsult.de\/en\/referenzen-auftraggeber\/#breadcrumb\",\"itemListElement\":[{\"@type\":\"ListItem\",\"position\":1,\"name\":\"Home\",\"item\":\"https:\/\/winkelmannconsult.de\/en\/\"},{\"@type\":\"ListItem\",\"position\":2,\"name\":\"REFERENZEN AUFTRAGGEBER\"}]},{\"@type\":\"WebSite\",\"@id\":\"https:\/\/winkelmannconsult.de\/en\/#website\",\"url\":\"https:\/\/winkelmannconsult.de\/en\/\",\"name\":\"Winkelmann Consult\",\"description\":\"\",\"publisher\":{\"@id\":\"https:\/\/winkelmannconsult.de\/en\/#organization\"},\"potentialAction\":[{\"@type\":\"SearchAction\",\"target\":{\"@type\":\"EntryPoint\",\"urlTemplate\":\"https:\/\/winkelmannconsult.de\/en\/?s={search_term_string}\"},\"query-input\":{\"@type\":\"PropertyValueSpecification\",\"valueRequired\":true,\"valueName\":\"search_term_string\"}}],\"inLanguage\":\"en-US\"},{\"@type\":\"Organization\",\"@id\":\"https:\/\/winkelmannconsult.de\/en\/#organization\",\"name\":\"Winkelmann Consult GmbH & Co. KG\",\"url\":\"https:\/\/winkelmannconsult.de\/en\/\",\"logo\":{\"@type\":\"ImageObject\",\"inLanguage\":\"en-US\",\"@id\":\"https:\/\/winkelmannconsult.de\/en\/#\/schema\/logo\/image\/\",\"url\":\"https:\/\/winkelmannconsult.de\/wp-content\/uploads\/2015\/04\/Winkelmann_Logo-4.png\",\"contentUrl\":\"https:\/\/winkelmannconsult.de\/wp-content\/uploads\/2015\/04\/Winkelmann_Logo-4.png\",\"width\":472,\"height\":83,\"caption\":\"Winkelmann Consult GmbH & Co. KG\"},\"image\":{\"@id\":\"https:\/\/winkelmannconsult.de\/en\/#\/schema\/logo\/image\/\"}}]}<\/script>\n<!-- \/ Yoast SEO plugin. -->","yoast_head_json":{"title":"REFERENCES CUSTOMERS - Winkelmann Consult","robots":{"index":"index","follow":"follow","max-snippet":"max-snippet:-1","max-image-preview":"max-image-preview:large","max-video-preview":"max-video-preview:-1"},"canonical":"https:\/\/winkelmannconsult.de\/en\/referenzen-auftraggeber\/","og_locale":"en_US","og_type":"article","og_title":"REFERENCES CUSTOMERS - Winkelmann Consult","og_description":"Below you will find an alphabetical list of the banks with which we work: Atradius Kreditversicherung BayernLB Bayerischer Versicherungsverband Versicherungs-AG Banca Comerciala Romana Barclays Berliner Bank AG Berlin-Hannoversche Hypothekenbank AG BHF Bank AG Bremer Landesbank Kreditanstalt Oldenburg, Girozentrale Bremische Volksbank eG Commerzbank AG Cr\u00e9dit Agricole DekaBank Deutsche Girozentrale Deutsche Bank\u2026 Continue reading","og_url":"https:\/\/winkelmannconsult.de\/en\/referenzen-auftraggeber\/","og_site_name":"Winkelmann Consult","article_modified_time":"2025-11-24T08:01:31+00:00","twitter_misc":{"Est. reading time":"2 minutes"},"schema":{"@context":"https:\/\/schema.org","@graph":[{"@type":"WebPage","@id":"https:\/\/winkelmannconsult.de\/en\/referenzen-auftraggeber\/","url":"https:\/\/winkelmannconsult.de\/en\/referenzen-auftraggeber\/","name":"REFERENCES CUSTOMERS - Winkelmann Consult","isPartOf":{"@id":"https:\/\/winkelmannconsult.de\/en\/#website"},"datePublished":"2020-05-04T08:33:03+00:00","dateModified":"2025-11-24T08:01:31+00:00","breadcrumb":{"@id":"https:\/\/winkelmannconsult.de\/en\/referenzen-auftraggeber\/#breadcrumb"},"inLanguage":"en-US","potentialAction":[{"@type":"ReadAction","target":[["https:\/\/winkelmannconsult.de\/en\/referenzen-auftraggeber\/"]]}]},{"@type":"BreadcrumbList","@id":"https:\/\/winkelmannconsult.de\/en\/referenzen-auftraggeber\/#breadcrumb","itemListElement":[{"@type":"ListItem","position":1,"name":"Home","item":"https:\/\/winkelmannconsult.de\/en\/"},{"@type":"ListItem","position":2,"name":"REFERENZEN AUFTRAGGEBER"}]},{"@type":"WebSite","@id":"https:\/\/winkelmannconsult.de\/en\/#website","url":"https:\/\/winkelmannconsult.de\/en\/","name":"Winkelmann Consult","description":"","publisher":{"@id":"https:\/\/winkelmannconsult.de\/en\/#organization"},"potentialAction":[{"@type":"SearchAction","target":{"@type":"EntryPoint","urlTemplate":"https:\/\/winkelmannconsult.de\/en\/?s={search_term_string}"},"query-input":{"@type":"PropertyValueSpecification","valueRequired":true,"valueName":"search_term_string"}}],"inLanguage":"en-US"},{"@type":"Organization","@id":"https:\/\/winkelmannconsult.de\/en\/#organization","name":"Winkelmann Consult GmbH & Co. KG","url":"https:\/\/winkelmannconsult.de\/en\/","logo":{"@type":"ImageObject","inLanguage":"en-US","@id":"https:\/\/winkelmannconsult.de\/en\/#\/schema\/logo\/image\/","url":"https:\/\/winkelmannconsult.de\/wp-content\/uploads\/2015\/04\/Winkelmann_Logo-4.png","contentUrl":"https:\/\/winkelmannconsult.de\/wp-content\/uploads\/2015\/04\/Winkelmann_Logo-4.png","width":472,"height":83,"caption":"Winkelmann Consult GmbH & Co. KG"},"image":{"@id":"https:\/\/winkelmannconsult.de\/en\/#\/schema\/logo\/image\/"}}]}},"_links":{"self":[{"href":"https:\/\/winkelmannconsult.de\/en\/wp-json\/wp\/v2\/pages\/482","targetHints":{"allow":["GET"]}}],"collection":[{"href":"https:\/\/winkelmannconsult.de\/en\/wp-json\/wp\/v2\/pages"}],"about":[{"href":"https:\/\/winkelmannconsult.de\/en\/wp-json\/wp\/v2\/types\/page"}],"author":[{"embeddable":true,"href":"https:\/\/winkelmannconsult.de\/en\/wp-json\/wp\/v2\/users\/1"}],"replies":[{"embeddable":true,"href":"https:\/\/winkelmannconsult.de\/en\/wp-json\/wp\/v2\/comments?post=482"}],"version-history":[{"count":5,"href":"https:\/\/winkelmannconsult.de\/en\/wp-json\/wp\/v2\/pages\/482\/revisions"}],"predecessor-version":[{"id":1251,"href":"https:\/\/winkelmannconsult.de\/en\/wp-json\/wp\/v2\/pages\/482\/revisions\/1251"}],"wp:attachment":[{"href":"https:\/\/winkelmannconsult.de\/en\/wp-json\/wp\/v2\/media?parent=482"}],"curies":[{"name":"wp","href":"https:\/\/api.w.org\/{rel}","templated":true}]}}